{"id":125907,"date":"2025-01-12T14:55:45","date_gmt":"2025-01-12T13:55:45","guid":{"rendered":"https:\/\/www.alpaviation.ch\/tasma-pilot-health\/"},"modified":"2025-10-30T10:54:54","modified_gmt":"2025-10-30T09:54:54","slug":"tasma-pilot-health","status":"publish","type":"page","link":"https:\/\/www.alpaviation.ch\/fr\/tasma-pilot-health\/","title":{"rendered":"Tasma Pilot health"},"content":{"rendered":"<p>[et_pb_section fb_built=\u00a0\u00bb1&Prime; fullwidth=\u00a0\u00bbon\u00a0\u00bb _builder_version=\u00a0\u00bb3.22&Prime; transparent_background=\u00a0\u00bboff\u00a0\u00bb][et_pb_fullwidth_header_extended title=\u00a0\u00bbProjet : sant\u00e9 mentale des pilotes\u00a0\u00bb subhead=\u00a0\u00bbFormation a\u00e9ronautique TASMA\u00a0\u00bb background_overlay_color=\u00a0\u00bbrgba(0,0,0,0.2)\u00a0\u00bb background_gradient=\u00a0\u00bboff\u00a0\u00bb wider_mobile_space=\u00a0\u00bbon\u00a0\u00bb button_one_sb_hover_on_off=\u00a0\u00bboff\u00a0\u00bb button_two_sb_hover_on_off=\u00a0\u00bboff\u00a0\u00bb animated_gradient=\u00a0\u00bboff\u00a0\u00bb s_background_layout=\u00a0\u00bbdark\u00a0\u00bb header_scroll_down_effect_on_off=\u00a0\u00bbon\u00a0\u00bb header_scroll_down_effect=\u00a0\u00bbslideInDown\u00a0\u00bb title_gradient_on_off=\u00a0\u00bboff\u00a0\u00bb subhead_gradient_on_off=\u00a0\u00bboff\u00a0\u00bb content_gradient_on_off=\u00a0\u00bboff\u00a0\u00bb admin_label=\u00a0\u00bbTitelbild\u00a0\u00bb _builder_version=\u00a0\u00bb4.5.3&Prime; title_font=\u00a0\u00bbMontserrat|700|||||||\u00a0\u00bb title_font_size=\u00a0\u00bb80px\u00a0\u00bb title_letter_spacing=\u00a0\u00bb-1px\u00a0\u00bb title_line_height=\u00a0\u00bb1.2em\u00a0\u00bb content_font=\u00a0\u00bbLato||||\u00a0\u00bb content_font_size=\u00a0\u00bb18px\u00a0\u00bb content_line_height=\u00a0\u00bb1.8em\u00a0\u00bb subhead_font=\u00a0\u00bbMontserrat|600|||||||\u00a0\u00bb subhead_font_size=\u00a0\u00bb20px\u00a0\u00bb subhead_letter_spacing=\u00a0\u00bb5px\u00a0\u00bb background_image=\u00a0\u00bbhttps:\/\/www.alpaviation.ch\/wp-content\/uploads\/Cockpit-1920-540.jpg\u00a0\u00bb custom_button_one=\u00a0\u00bbon\u00a0\u00bb button_one_text_size=\u00a0\u00bb18&Prime; button_one_text_color=\u00a0\u00bb#ffffff\u00a0\u00bb button_one_bg_color=\u00a0\u00bb#b022e8&Prime; button_one_border_color=\u00a0\u00bb#b022e8&Prime; button_one_border_radius=\u00a0\u00bb2&Prime; background_layout=\u00a0\u00bbdark\u00a0\u00bb hover_enabled=\u00a0\u00bb0&Prime; title_font_size_tablet=\u00a0\u00bb40px\u00a0\u00bb title_font_size_phone=\u00a0\u00bb28px\u00a0\u00bb title_font_size_last_edited=\u00a0\u00bbon|desktop\u00a0\u00bb title_letter_spacing_phone=\u00a0\u00bb0px\u00a0\u00bb content_font_size_tablet=\u00a0\u00bb\u00a0\u00bb content_font_size_phone=\u00a0\u00bb14px\u00a0\u00bb content_font_size_last_edited=\u00a0\u00bbon|phone\u00a0\u00bb subhead_font_size_tablet=\u00a0\u00bb\u00a0\u00bb subhead_font_size_phone=\u00a0\u00bb13px\u00a0\u00bb subhead_font_size_last_edited=\u00a0\u00bbon|desktop\u00a0\u00bb custom_css_button_1=\u00a0\u00bbmargin-top: 40px;\u00a0\u00bb][\/et_pb_fullwidth_header_extended][\/et_pb_section][et_pb_section fb_built=\u00a0\u00bb1&Prime; _builder_version=\u00a0\u00bb3.22&Prime;][et_pb_row _builder_version=\u00a0\u00bb3.25&Prime; background_size=\u00a0\u00bbinitial\u00a0\u00bb background_position=\u00a0\u00bbtop_left\u00a0\u00bb background_repeat=\u00a0\u00bbrepeat\u00a0\u00bb][et_pb_column type=\u00a0\u00bb4_4&Prime; _builder_version=\u00a0\u00bb3.25&Prime; custom_padding=\u00a0\u00bb|||\u00a0\u00bb custom_padding__hover=\u00a0\u00bb|||\u00a0\u00bb][et_pb_text _builder_version=\u00a0\u00bb4.5.3&Prime; hover_enabled=\u00a0\u00bb0&Prime;]En collaboration avec TASMA Aviation Training, nous proposons des <strong>collaborations avec diff\u00e9rentes compagnies a\u00e9riennes, soci\u00e9t\u00e9s d&rsquo;aviation<\/strong><span> <\/span>ou<span> <\/span><strong>organisations militaires<\/strong><span> <\/span>, qui souhaitent soutenir ou former leurs pilotes et membres d&rsquo;\u00e9quipage pour maintenir leur sant\u00e9 mentale et physique.<\/p>\n<p>Notre programme unique de soutien et de formation des pilotes et des \u00e9quipages de cabine est<span> <\/span><strong>bas\u00e9 sur l&rsquo;exigence de l&rsquo;AESA de la norme CAT.GEN.MPA.215<\/strong>,<span> <\/span><em>\u00ab un programme de soutien qui aidera et soutiendra les \u00e9quipages de conduite \u00e0 reconna\u00eetre, g\u00e9rer et surmonter tout probl\u00e8me susceptible d&rsquo;affecter n\u00e9gativement leur capacit\u00e9 \u00e0 exercer en toute s\u00e9curit\u00e9 les privil\u00e8ges de leur licence\u2026 \u00bb.<span> <\/span><\/em>Et adapt\u00e9 \u00e0 vos exigences et besoins personnels.<\/p>\n<p><strong>Le programme de formation des \u00e9quipages de conduite TASMA Le soutien accompagne votre \u00e9quipage pour :<\/strong><\/p>\n<ul>\n<li>Optimiser ses performances en vol<\/li>\n<li>Leur montrer comment g\u00e9rer les situations difficiles \u00e0 bord<\/li>\n<li>R\u00e9duire la fatigue des pilotes<\/li>\n<li>Apprenez \u00e0 r\u00e9duire et \u00e0 pr\u00e9venir le stress de mani\u00e8re rapide et pratique.<\/li>\n<\/ul>\n<p>Nous proposons \u00e9galement diff\u00e9rentes conf\u00e9rences au cours desquelles nous montrons \u00e0 votre \u00e9quipage l&rsquo;importance et l&rsquo;efficacit\u00e9 de l&rsquo;am\u00e9lioration de sa sant\u00e9 mentale, ainsi que le fonctionnement de notre service de soutien aux \u00e9quipages TASMA.<\/p>\n<p>Votre organisation peut nous contacter \u00e0 tout moment si vous souhaitez une solution sur mesure.<\/p>\n<p>&nbsp;[\/et_pb_text][\/et_pb_column][\/et_pb_row][et_pb_row column_structure=\u00a0\u00bb1_3,2_3&Prime; _builder_version=\u00a0\u00bb3.25&Prime; background_size=\u00a0\u00bbinitial\u00a0\u00bb background_position=\u00a0\u00bbtop_left\u00a0\u00bb background_repeat=\u00a0\u00bbrepeat\u00a0\u00bb][et_pb_column type=\u00a0\u00bb1_3&Prime; _builder_version=\u00a0\u00bb3.25&Prime; custom_padding=\u00a0\u00bb|||\u00a0\u00bb custom_padding__hover=\u00a0\u00bb|||\u00a0\u00bb][\/et_pb_column][et_pb_column type=\u00a0\u00bb2_3&Prime; _builder_version=\u00a0\u00bb3.25&Prime; custom_padding=\u00a0\u00bb|||\u00a0\u00bb custom_padding__hover=\u00a0\u00bb|||\u00a0\u00bb][et_pb_button button_url=\u00a0\u00bbhttps:\/\/www.tasma-aviation-training.com\/tasma-aviation-training\u00a0\u00bb url_new_window=\u00a0\u00bbon\u00a0\u00bb button_text=\u00a0\u00bbContactez TASMA Aviation Training d\u00e8s maintenant !\u00a0\u00bb _builder_version=\u00a0\u00bb4.5.3&Prime; _module_preset=\u00a0\u00bbdefault\u00a0\u00bb][\/et_pb_button][\/et_pb_column][\/et_pb_row][\/et_pb_section]<\/p>\n","protected":false},"excerpt":{"rendered":"<p>[et_pb_section fb_built=\u00a0\u00bb1&Prime; fullwidth=\u00a0\u00bbon\u00a0\u00bb _builder_version=\u00a0\u00bb3.22&Prime; transparent_background=\u00a0\u00bboff\u00a0\u00bb][et_pb_fullwidth_header_extended title=\u00a0\u00bbProjet : sant\u00e9 mentale des pilotes\u00a0\u00bb subhead=\u00a0\u00bbFormation a\u00e9ronautique TASMA\u00a0\u00bb background_overlay_color=\u00a0\u00bbrgba(0,0,0,0.2)\u00a0\u00bb background_gradient=\u00a0\u00bboff\u00a0\u00bb wider_mobile_space=\u00a0\u00bbon\u00a0\u00bb button_one_sb_hover_on_off=\u00a0\u00bboff\u00a0\u00bb button_two_sb_hover_on_off=\u00a0\u00bboff\u00a0\u00bb animated_gradient=\u00a0\u00bboff\u00a0\u00bb s_background_layout=\u00a0\u00bbdark\u00a0\u00bb header_scroll_down_effect_on_off=\u00a0\u00bbon\u00a0\u00bb header_scroll_down_effect=\u00a0\u00bbslideInDown\u00a0\u00bb title_gradient_on_off=\u00a0\u00bboff\u00a0\u00bb subhead_gradient_on_off=\u00a0\u00bboff\u00a0\u00bb content_gradient_on_off=\u00a0\u00bboff\u00a0\u00bb admin_label=\u00a0\u00bbTitelbild\u00a0\u00bb _builder_version=\u00a0\u00bb4.5.3&Prime; title_font=\u00a0\u00bbMontserrat|700|||||||\u00a0\u00bb title_font_size=\u00a0\u00bb80px\u00a0\u00bb title_letter_spacing=\u00a0\u00bb-1px\u00a0\u00bb title_line_height=\u00a0\u00bb1.2em\u00a0\u00bb content_font=\u00a0\u00bbLato||||\u00a0\u00bb content_font_size=\u00a0\u00bb18px\u00a0\u00bb content_line_height=\u00a0\u00bb1.8em\u00a0\u00bb subhead_font=\u00a0\u00bbMontserrat|600|||||||\u00a0\u00bb subhead_font_size=\u00a0\u00bb20px\u00a0\u00bb subhead_letter_spacing=\u00a0\u00bb5px\u00a0\u00bb background_image=\u00a0\u00bbhttps:\/\/www.alpaviation.ch\/wp-content\/uploads\/Cockpit-1920-540.jpg\u00a0\u00bb custom_button_one=\u00a0\u00bbon\u00a0\u00bb button_one_text_size=\u00a0\u00bb18&Prime; button_one_text_color=\u00a0\u00bb#ffffff\u00a0\u00bb button_one_bg_color=\u00a0\u00bb#b022e8&Prime; button_one_border_color=\u00a0\u00bb#b022e8&Prime; button_one_border_radius=\u00a0\u00bb2&Prime; background_layout=\u00a0\u00bbdark\u00a0\u00bb hover_enabled=\u00a0\u00bb0&Prime; title_font_size_tablet=\u00a0\u00bb40px\u00a0\u00bb title_font_size_phone=\u00a0\u00bb28px\u00a0\u00bb title_font_size_last_edited=\u00a0\u00bbon|desktop\u00a0\u00bb title_letter_spacing_phone=\u00a0\u00bb0px\u00a0\u00bb content_font_size_tablet=\u00a0\u00bb\u00a0\u00bb content_font_size_phone=\u00a0\u00bb14px\u00a0\u00bb content_font_size_last_edited=\u00a0\u00bbon|phone\u00a0\u00bb subhead_font_size_tablet=\u00a0\u00bb\u00a0\u00bb [&hellip;]<\/p>\n","protected":false},"author":2,"featured_media":0,"parent":0,"menu_order":0,"comment_status":"closed","ping_status":"closed","template":"","meta":{"_et_pb_use_builder":"on","_et_pb_old_content":"","_et_gb_content_width":""},"_links":{"self":[{"href":"https:\/\/www.alpaviation.ch\/fr\/wp-json\/wp\/v2\/pages\/125907"}],"collection":[{"href":"https:\/\/www.alpaviation.ch\/fr\/wp-json\/wp\/v2\/pages"}],"about":[{"href":"https:\/\/www.alpaviation.ch\/fr\/wp-json\/wp\/v2\/types\/page"}],"author":[{"embeddable":true,"href":"https:\/\/www.alpaviation.ch\/fr\/wp-json\/wp\/v2\/users\/2"}],"replies":[{"embeddable":true,"href":"https:\/\/www.alpaviation.ch\/fr\/wp-json\/wp\/v2\/comments?post=125907"}],"version-history":[{"count":5,"href":"https:\/\/www.alpaviation.ch\/fr\/wp-json\/wp\/v2\/pages\/125907\/revisions"}],"predecessor-version":[{"id":126209,"href":"https:\/\/www.alpaviation.ch\/fr\/wp-json\/wp\/v2\/pages\/125907\/revisions\/126209"}],"wp:attachment":[{"href":"https:\/\/www.alpaviation.ch\/fr\/wp-json\/wp\/v2\/media?parent=125907"}],"curies":[{"name":"wp","href":"https:\/\/api.w.org\/{rel}","templated":true}]}}