{"id":125877,"date":"2018-04-27T11:06:18","date_gmt":"2018-04-27T09:06:18","guid":{"rendered":"https:\/\/www.alpaviation.ch\/archives-des-lettres-dinformation\/"},"modified":"2025-10-13T16:09:08","modified_gmt":"2025-10-13T14:09:08","slug":"archives-des-lettres-dinformation","status":"publish","type":"page","link":"https:\/\/www.alpaviation.ch\/fr\/archives-des-lettres-dinformation\/","title":{"rendered":"Archives des lettres d&rsquo;information"},"content":{"rendered":"<p>[et_pb_section fb_built=\u00a0\u00bb1&Prime; fullwidth=\u00a0\u00bbon\u00a0\u00bb _builder_version=\u00a0\u00bb3.22&Prime; transparent_background=\u00a0\u00bboff\u00a0\u00bb][et_pb_fullwidth_header_extended title=\u00a0\u00bbArchives des lettres d&rsquo;information\u00a0\u00bb subhead=\u00a0\u00bbNewsletter verpasst? Einfach hier anschauen\u00a0\u00bb background_overlay_color=\u00a0\u00bbrgba(0,0,0,0.2)\u00a0\u00bb background_gradient=\u00a0\u00bboff\u00a0\u00bb wider_mobile_space=\u00a0\u00bbon\u00a0\u00bb button_one_sb_hover_on_off=\u00a0\u00bboff\u00a0\u00bb button_two_sb_hover_on_off=\u00a0\u00bboff\u00a0\u00bb animated_gradient=\u00a0\u00bboff\u00a0\u00bb s_background_layout=\u00a0\u00bbdark\u00a0\u00bb header_scroll_down_effect_on_off=\u00a0\u00bbon\u00a0\u00bb header_scroll_down_effect=\u00a0\u00bbslideInDown\u00a0\u00bb title_gradient_on_off=\u00a0\u00bboff\u00a0\u00bb subhead_gradient_on_off=\u00a0\u00bboff\u00a0\u00bb content_gradient_on_off=\u00a0\u00bboff\u00a0\u00bb admin_label=\u00a0\u00bbTitelbild\u00a0\u00bb _builder_version=\u00a0\u00bb3.0.89&Prime; title_font=\u00a0\u00bbMontserrat|700|||||||\u00a0\u00bb title_font_size=\u00a0\u00bb80px\u00a0\u00bb title_letter_spacing=\u00a0\u00bb-1px\u00a0\u00bb title_line_height=\u00a0\u00bb1.2em\u00a0\u00bb content_font=\u00a0\u00bbLato||||\u00a0\u00bb content_font_size=\u00a0\u00bb18px\u00a0\u00bb content_line_height=\u00a0\u00bb1.8em\u00a0\u00bb subhead_font=\u00a0\u00bbMontserrat|600|||||||\u00a0\u00bb subhead_font_size=\u00a0\u00bb20px\u00a0\u00bb subhead_letter_spacing=\u00a0\u00bb5px\u00a0\u00bb background_image=\u00a0\u00bbhttps:\/\/www.alpaviation.ch\/wp-content\/uploads\/alpaviation-1920&#215;540.jpg\u00a0\u00bb custom_button_one=\u00a0\u00bbon\u00a0\u00bb button_one_text_size=\u00a0\u00bb18&Prime; button_one_text_color=\u00a0\u00bb#ffffff\u00a0\u00bb button_one_bg_color=\u00a0\u00bb#b022e8&Prime; button_one_border_color=\u00a0\u00bb#b022e8&Prime; button_one_border_radius=\u00a0\u00bb2&Prime; background_layout=\u00a0\u00bbdark\u00a0\u00bb title_font_size_tablet=\u00a0\u00bb40px\u00a0\u00bb title_font_size_phone=\u00a0\u00bb28px\u00a0\u00bb title_font_size_last_edited=\u00a0\u00bbon|desktop\u00a0\u00bb title_letter_spacing_phone=\u00a0\u00bb0px\u00a0\u00bb content_font_size_tablet=\u00a0\u00bb\u00a0\u00bb content_font_size_phone=\u00a0\u00bb14px\u00a0\u00bb content_font_size_last_edited=\u00a0\u00bbon|phone\u00a0\u00bb subhead_font_size_tablet=\u00a0\u00bb\u00a0\u00bb subhead_font_size_phone=\u00a0\u00bb13px\u00a0\u00bb subhead_font_size_last_edited=\u00a0\u00bbon|desktop\u00a0\u00bb custom_css_button_1=\u00a0\u00bbmargin-top: 40px;\u00a0\u00bb][\/et_pb_fullwidth_header_extended][\/et_pb_section][et_pb_section fb_built=\u00a0\u00bb1&Prime; _builder_version=\u00a0\u00bb3.22&Prime;][et_pb_row column_structure=\u00a0\u00bb1_4,1_2,1_4&Prime; _builder_version=\u00a0\u00bb3.25&Prime; background_size=\u00a0\u00bbinitial\u00a0\u00bb background_position=\u00a0\u00bbtop_left\u00a0\u00bb background_repeat=\u00a0\u00bbrepeat\u00a0\u00bb][et_pb_column type=\u00a0\u00bb1_4&Prime; _builder_version=\u00a0\u00bb3.25&Prime; custom_padding=\u00a0\u00bb|||\u00a0\u00bb custom_padding__hover=\u00a0\u00bb|||\u00a0\u00bb][\/et_pb_column][et_pb_column type=\u00a0\u00bb1_2&Prime; _builder_version=\u00a0\u00bb3.25&Prime; custom_padding=\u00a0\u00bb|||\u00a0\u00bb custom_padding__hover=\u00a0\u00bb|||\u00a0\u00bb][et_pb_blurb use_icon=\u00a0\u00bbon\u00a0\u00bb font_icon=\u00a0\u00bb%%109%%\u00a0\u00bb _builder_version=\u00a0\u00bb3.0.89&Prime;]Vous ne trouvez plus une information dans une ancienne newsletter. Pas de probl\u00e8me ! Vous pouvez consulter les newsletters pr\u00e9c\u00e9dentes ici.<br \/>\n[\/et_pb_blurb] <div  class=\"et_pb_module  et_pb_vertical_timeline_0\">\n\t\t\t\t\t<section id=\"cd-timeline\" class=\"cd-container\">    <div class=\"cd-timeline-block  et_pb_vertical_timeline_item_0\">\n\t\t\t\t\t\t    <div class=\"cd-timeline-img\" style=\"\"><span class=\"et-pb-icon et-pb-icon-circle\" style=\"\">&#xe010;<\/span><\/div>\n\t\t\t    \n\t\t\t\t\t\t    <div class=\"cd-timeline-content\">\n\t\t\t\t\t\t\t\n\t\t\t\t\t\t\t<div class=\"cd-timeline-content-liner \">\n\t\t\t\t\t\t\t\t<h2>Dezember 2017<\/h2>\n\t\t\t\t\t\t\t\t<p>&nbsp;<\/p>\n<h3><a href=\"http:\/\/mautic.alpaviation.ch\/email\/preview\/7\" target=\"_blank\" rel=\"noopener noreferrer\">Die alpaviation ist ab 1. Januar 2018 f\u00fcr Dich da<\/a><\/h3>\n<p>&nbsp;<\/p>\n<p>&nbsp;<\/p>\n\n\t\t\t\t\t\t\t\t\n\t\t\t\t\t\t\t<\/div>\n\t\t\t\t\t\t    <\/div>\n\t\t\t\t\t    <\/div>    <div class=\"cd-timeline-block  et_pb_vertical_timeline_item_1\">\n\t\t\t\t\t\t    <div class=\"cd-timeline-img\" style=\"\"><span class=\"et-pb-icon et-pb-icon-circle\" style=\"\">&#xe010;<\/span><\/div>\n\t\t\t    \n\t\t\t\t\t\t    <div class=\"cd-timeline-content\">\n\t\t\t\t\t\t\t\n\t\t\t\t\t\t\t<div class=\"cd-timeline-content-liner \">\n\t\t\t\t\t\t\t\t<h2>Januar 2018<\/h2>\n\t\t\t\t\t\t\t\t<p>&nbsp;<\/p>\n<h3><a href=\"http:\/\/mautic.alpaviation.ch\/email\/preview\/10\" target=\"_blank\" rel=\"noopener noreferrer\">Seit dem 1. Januar 2018 sind wir nun abgehoben und sind daran unsere beste Steigrate einzustellen.<\/a><\/h3>\n<p>&nbsp;<\/p>\n<p>&nbsp;<\/p>\n\n\t\t\t\t\t\t\t\t\n\t\t\t\t\t\t\t<\/div>\n\t\t\t\t\t\t    <\/div>\n\t\t\t\t\t    <\/div>    <div class=\"cd-timeline-block  et_pb_vertical_timeline_item_2\">\n\t\t\t\t\t\t    <div class=\"cd-timeline-img\" style=\"\"><span class=\"et-pb-icon et-pb-icon-circle\" style=\"\">&#xe010;<\/span><\/div>\n\t\t\t    \n\t\t\t\t\t\t    <div class=\"cd-timeline-content\">\n\t\t\t\t\t\t\t\n\t\t\t\t\t\t\t<div class=\"cd-timeline-content-liner \">\n\t\t\t\t\t\t\t\t<h2>April 2018<\/h2>\n\t\t\t\t\t\t\t\t<p>&nbsp;<\/p>\n<h3><a href=\"http:\/\/mautic.alpaviation.ch\/email\/preview\/13\" target=\"_blank\" rel=\"noopener noreferrer\">Bereit f\u00fcr einen Fr\u00fchling voller Flugerlebnisse?<\/a><\/h3>\n<p>&nbsp;<\/p>\n\n\t\t\t\t\t\t\t\t\n\t\t\t\t\t\t\t<\/div>\n\t\t\t\t\t\t    <\/div>\n\t\t\t\t\t    <\/div>    <div class=\"cd-timeline-block  et_pb_vertical_timeline_item_3\">\n\t\t\t\t\t\t    <div class=\"cd-timeline-img\" style=\"\"><span class=\"et-pb-icon et-pb-icon-circle\" style=\"\">&#xe010;<\/span><\/div>\n\t\t\t    \n\t\t\t\t\t\t    <div class=\"cd-timeline-content\">\n\t\t\t\t\t\t\t\n\t\t\t\t\t\t\t<div class=\"cd-timeline-content-liner \">\n\t\t\t\t\t\t\t\t<h2>August 2018<\/h2>\n\t\t\t\t\t\t\t\t<p>&nbsp;<\/p>\n<p>&nbsp;<\/p>\n<h3><a href=\"http:\/\/mautic.alpaviation.ch\/email\/preview\/14\" target=\"_blank\" rel=\"noopener noreferrer\">Nach der Hitze der letzten Wochen freuen wir uns auf den Sp\u00e4tsommer mit hoffentlich tollem Flugwetter!<\/a><\/h3>\n<p>&nbsp;<\/p>\n<p>&nbsp;<\/p>\n\n\t\t\t\t\t\t\t\t\n\t\t\t\t\t\t\t<\/div>\n\t\t\t\t\t\t    <\/div>\n\t\t\t\t\t    <\/div>    <div class=\"cd-timeline-block  et_pb_vertical_timeline_item_4\">\n\t\t\t\t\t\t    <div class=\"cd-timeline-img\" style=\"\"><span class=\"et-pb-icon et-pb-icon-circle\" style=\"\">&#xe010;<\/span><\/div>\n\t\t\t    \n\t\t\t\t\t\t    <div class=\"cd-timeline-content\">\n\t\t\t\t\t\t\t\n\t\t\t\t\t\t\t<div class=\"cd-timeline-content-liner \">\n\t\t\t\t\t\t\t\t<h2>Dezember 2018<\/h2>\n\t\t\t\t\t\t\t\t<p>&nbsp;<\/p>\n<p>&nbsp;<\/p>\n<h3><a href=\"http:\/\/mautic.alpaviation.ch\/email\/preview\/15\" target=\"_blank\" rel=\"noopener noreferrer\">Danke, f\u00fcr das Jahr 2018 in welchem wir mit Euch sehr viel Sch\u00f6nes erleben durften.<\/a><\/h3>\n<p>&nbsp;<\/p>\n<p>&nbsp;<\/p>\n\n\t\t\t\t\t\t\t\t\n\t\t\t\t\t\t\t<\/div>\n\t\t\t\t\t\t    <\/div>\n\t\t\t\t\t    <\/div>    <div class=\"cd-timeline-block  et_pb_vertical_timeline_item_5\">\n\t\t\t\t\t\t    <div class=\"cd-timeline-img\" style=\"\"><span class=\"et-pb-icon et-pb-icon-circle\" style=\"\">&#xe010;<\/span><\/div>\n\t\t\t    \n\t\t\t\t\t\t    <div class=\"cd-timeline-content\">\n\t\t\t\t\t\t\t\n\t\t\t\t\t\t\t<div class=\"cd-timeline-content-liner \">\n\t\t\t\t\t\t\t\t<h2>M\u00e4rz 2019<\/h2>\n\t\t\t\t\t\t\t\t<p>&nbsp;<\/p>\n<p>&nbsp;<\/p>\n<h3><a href=\"http:\/\/mautic.alpaviation.ch\/email\/preview\/16\" target=\"_blank\" rel=\"noopener noreferrer\">Saisonstart 2019 gegl\u00fcckt, das Wetter macht bereits mit.<\/a><\/h3>\n<p>&nbsp;<\/p>\n<p>&nbsp;<\/p>\n\n\t\t\t\t\t\t\t\t\n\t\t\t\t\t\t\t<\/div>\n\t\t\t\t\t\t    <\/div>\n\t\t\t\t\t    <\/div>    <div class=\"cd-timeline-block  et_pb_vertical_timeline_item_6\">\n\t\t\t\t\t\t    <div class=\"cd-timeline-img\" style=\"\"><span class=\"et-pb-icon et-pb-icon-circle\" style=\"\">&#xe010;<\/span><\/div>\n\t\t\t    \n\t\t\t\t\t\t    <div class=\"cd-timeline-content\">\n\t\t\t\t\t\t\t\n\t\t\t\t\t\t\t<div class=\"cd-timeline-content-liner \">\n\t\t\t\t\t\t\t\t<h2>Juni 2019<\/h2>\n\t\t\t\t\t\t\t\t<p>\u00a0<\/p>\n<p>\u00a0<\/p>\n<h3><a href=\"https:\/\/mautic.alpaviation.ch\/email\/preview\/17\" target=\"_blank\" rel=\"noopener noreferrer\">Der Sommer ist da, schwitzen ist angesagt<\/a><\/h3>\n<p>\u00a0<\/p>\n<p>\u00a0<\/p>\n\n\t\t\t\t\t\t\t\t\n\t\t\t\t\t\t\t<\/div>\n\t\t\t\t\t\t    <\/div>\n\t\t\t\t\t    <\/div>    <div class=\"cd-timeline-block  et_pb_vertical_timeline_item_7\">\n\t\t\t\t\t\t    <div class=\"cd-timeline-img\" style=\"\"><span class=\"et-pb-icon et-pb-icon-circle\" style=\"\">&#xe010;<\/span><\/div>\n\t\t\t    \n\t\t\t\t\t\t    <div class=\"cd-timeline-content\">\n\t\t\t\t\t\t\t\n\t\t\t\t\t\t\t<div class=\"cd-timeline-content-liner \">\n\t\t\t\t\t\t\t\t<h2>Dezember 2019<\/h2>\n\t\t\t\t\t\t\t\t<p>\u00a0<\/p>\n<p>\u00a0<\/p>\n<h3><a href=\"https:\/\/mautic.alpaviation.ch\/email\/preview\/18\" target=\"_blank\" rel=\"noopener noreferrer\">Jahresende Newsletter 2019<\/a><\/h3>\n<p>\u00a0<\/p>\n<p>\u00a0<\/p>\n\n\t\t\t\t\t\t\t\t\n\t\t\t\t\t\t\t<\/div>\n\t\t\t\t\t\t    <\/div>\n\t\t\t\t\t    <\/div>    <div class=\"cd-timeline-block  et_pb_vertical_timeline_item_8\">\n\t\t\t\t\t\t    <div class=\"cd-timeline-img\" style=\"\"><span class=\"et-pb-icon et-pb-icon-circle\" style=\"\">&#xe010;<\/span><\/div>\n\t\t\t    \n\t\t\t\t\t\t    <div class=\"cd-timeline-content\">\n\t\t\t\t\t\t\t\n\t\t\t\t\t\t\t<div class=\"cd-timeline-content-liner \">\n\t\t\t\t\t\t\t\t<h2>Dezember 2020<\/h2>\n\t\t\t\t\t\t\t\t<p>\u00a0<\/p>\n<p>\u00a0<\/p>\n<h3><a href=\"https:\/\/mautic.alpaviation.ch\/email\/preview\/19\" target=\"_blank\" rel=\"noopener noreferrer\">Jahresende Newsletter 2020<\/a><\/h3>\n<p>\u00a0<\/p>\n<p>\u00a0<\/p>\n\n\t\t\t\t\t\t\t\t\n\t\t\t\t\t\t\t<\/div>\n\t\t\t\t\t\t    <\/div>\n\t\t\t\t\t    <\/div>    <div class=\"cd-timeline-block  et_pb_vertical_timeline_item_9\">\n\t\t\t\t\t\t    <div class=\"cd-timeline-img\" style=\"\"><span class=\"et-pb-icon et-pb-icon-circle\" style=\"\">&#xe010;<\/span><\/div>\n\t\t\t    \n\t\t\t\t\t\t    <div class=\"cd-timeline-content\">\n\t\t\t\t\t\t\t\n\t\t\t\t\t\t\t<div class=\"cd-timeline-content-liner \">\n\t\t\t\t\t\t\t\t<h2>Juli 2023<\/h2>\n\t\t\t\t\t\t\t\t<h3><a href=\"https:\/\/us6.admin.mailchimp.com\/campaigns\/show?id=5232498\" target=\"_blank\" rel=\"noopener noreferrer\">Sommer Newsletter 2023<\/a><\/h3>\n\n\t\t\t\t\t\t\t\t\n\t\t\t\t\t\t\t<\/div>\n\t\t\t\t\t\t    <\/div>\n\t\t\t\t\t    <\/div><\/section>\n\t\t\t\t    <\/div>[\/et_pb_column][et_pb_column type=\u00a0\u00bb1_4&Prime; _builder_version=\u00a0\u00bb3.25&Prime; custom_padding=\u00a0\u00bb|||\u00a0\u00bb custom_padding__hover=\u00a0\u00bb|||\u00a0\u00bb][\/et_pb_column][\/et_pb_row][\/et_pb_section]<\/p>\n","protected":false},"excerpt":{"rendered":"<p>[et_pb_section fb_built=\u00a0\u00bb1&Prime; fullwidth=\u00a0\u00bbon\u00a0\u00bb _builder_version=\u00a0\u00bb3.22&Prime; transparent_background=\u00a0\u00bboff\u00a0\u00bb][et_pb_fullwidth_header_extended title=\u00a0\u00bbArchives des lettres d&rsquo;information\u00a0\u00bb subhead=\u00a0\u00bbNewsletter verpasst? Einfach hier anschauen\u00a0\u00bb background_overlay_color=\u00a0\u00bbrgba(0,0,0,0.2)\u00a0\u00bb background_gradient=\u00a0\u00bboff\u00a0\u00bb wider_mobile_space=\u00a0\u00bbon\u00a0\u00bb button_one_sb_hover_on_off=\u00a0\u00bboff\u00a0\u00bb button_two_sb_hover_on_off=\u00a0\u00bboff\u00a0\u00bb animated_gradient=\u00a0\u00bboff\u00a0\u00bb s_background_layout=\u00a0\u00bbdark\u00a0\u00bb header_scroll_down_effect_on_off=\u00a0\u00bbon\u00a0\u00bb header_scroll_down_effect=\u00a0\u00bbslideInDown\u00a0\u00bb title_gradient_on_off=\u00a0\u00bboff\u00a0\u00bb subhead_gradient_on_off=\u00a0\u00bboff\u00a0\u00bb content_gradient_on_off=\u00a0\u00bboff\u00a0\u00bb admin_label=\u00a0\u00bbTitelbild\u00a0\u00bb _builder_version=\u00a0\u00bb3.0.89&Prime; title_font=\u00a0\u00bbMontserrat|700|||||||\u00a0\u00bb title_font_size=\u00a0\u00bb80px\u00a0\u00bb title_letter_spacing=\u00a0\u00bb-1px\u00a0\u00bb title_line_height=\u00a0\u00bb1.2em\u00a0\u00bb content_font=\u00a0\u00bbLato||||\u00a0\u00bb content_font_size=\u00a0\u00bb18px\u00a0\u00bb content_line_height=\u00a0\u00bb1.8em\u00a0\u00bb subhead_font=\u00a0\u00bbMontserrat|600|||||||\u00a0\u00bb subhead_font_size=\u00a0\u00bb20px\u00a0\u00bb subhead_letter_spacing=\u00a0\u00bb5px\u00a0\u00bb background_image=\u00a0\u00bbhttps:\/\/www.alpaviation.ch\/wp-content\/uploads\/alpaviation-1920&#215;540.jpg\u00a0\u00bb custom_button_one=\u00a0\u00bbon\u00a0\u00bb button_one_text_size=\u00a0\u00bb18&Prime; button_one_text_color=\u00a0\u00bb#ffffff\u00a0\u00bb button_one_bg_color=\u00a0\u00bb#b022e8&Prime; button_one_border_color=\u00a0\u00bb#b022e8&Prime; button_one_border_radius=\u00a0\u00bb2&Prime; background_layout=\u00a0\u00bbdark\u00a0\u00bb title_font_size_tablet=\u00a0\u00bb40px\u00a0\u00bb title_font_size_phone=\u00a0\u00bb28px\u00a0\u00bb title_font_size_last_edited=\u00a0\u00bbon|desktop\u00a0\u00bb title_letter_spacing_phone=\u00a0\u00bb0px\u00a0\u00bb content_font_size_tablet=\u00a0\u00bb\u00a0\u00bb content_font_size_phone=\u00a0\u00bb14px\u00a0\u00bb content_font_size_last_edited=\u00a0\u00bbon|phone\u00a0\u00bb subhead_font_size_tablet=\u00a0\u00bb\u00a0\u00bb subhead_font_size_phone=\u00a0\u00bb13px\u00a0\u00bb [&hellip;]<\/p>\n","protected":false},"author":1,"featured_media":0,"parent":0,"menu_order":0,"comment_status":"closed","ping_status":"closed","template":"","meta":{"_et_pb_use_builder":"on","_et_pb_old_content":"","_et_gb_content_width":""},"_links":{"self":[{"href":"https:\/\/www.alpaviation.ch\/fr\/wp-json\/wp\/v2\/pages\/125877"}],"collection":[{"href":"https:\/\/www.alpaviation.ch\/fr\/wp-json\/wp\/v2\/pages"}],"about":[{"href":"https:\/\/www.alpaviation.ch\/fr\/wp-json\/wp\/v2\/types\/page"}],"author":[{"embeddable":true,"href":"https:\/\/www.alpaviation.ch\/fr\/wp-json\/wp\/v2\/users\/1"}],"replies":[{"embeddable":true,"href":"https:\/\/www.alpaviation.ch\/fr\/wp-json\/wp\/v2\/comments?post=125877"}],"version-history":[{"count":2,"href":"https:\/\/www.alpaviation.ch\/fr\/wp-json\/wp\/v2\/pages\/125877\/revisions"}],"predecessor-version":[{"id":125879,"href":"https:\/\/www.alpaviation.ch\/fr\/wp-json\/wp\/v2\/pages\/125877\/revisions\/125879"}],"wp:attachment":[{"href":"https:\/\/www.alpaviation.ch\/fr\/wp-json\/wp\/v2\/media?parent=125877"}],"curies":[{"name":"wp","href":"https:\/\/api.w.org\/{rel}","templated":true}]}}