{"id":125844,"date":"2017-12-10T15:20:34","date_gmt":"2017-12-10T14:20:34","guid":{"rendered":"https:\/\/www.alpaviation.ch\/merci-flightnet\/"},"modified":"2025-10-13T15:40:15","modified_gmt":"2025-10-13T13:40:15","slug":"merci-flightnet","status":"publish","type":"page","link":"https:\/\/www.alpaviation.ch\/fr\/merci-flightnet\/","title":{"rendered":"Merci FlightNet"},"content":{"rendered":"<p>[et_pb_section bb_built=\u00a0\u00bb1&Prime; fullwidth=\u00a0\u00bbon\u00a0\u00bb transparent_background=\u00a0\u00bboff\u00a0\u00bb _builder_version=\u00a0\u00bb3.0.89&Prime;][et_pb_fullwidth_header_extended admin_label=\u00a0\u00bbTitelbild\u00a0\u00bb rotator_type=\u00a0\u00bbslideInDown\u00a0\u00bb rotator_speed=\u00a0\u00bb2750&Prime; shuffle_text_on_off=\u00a0\u00bboff\u00a0\u00bb title_fancyline=\u00a0\u00bboff\u00a0\u00bb title_before_after=\u00a0\u00bbafter\u00a0\u00bb title_fancy_orientation=\u00a0\u00bbcenter\u00a0\u00bb subhead_before_after=\u00a0\u00bbafter\u00a0\u00bb background_layout=\u00a0\u00bbdark\u00a0\u00bb text_orientation=\u00a0\u00bbleft\u00a0\u00bb header_fullscreen=\u00a0\u00bboff\u00a0\u00bb header_scroll_down=\u00a0\u00bboff\u00a0\u00bb scroll_down_icon=\u00a0\u00bb%%4%%\u00a0\u00bb header_scroll_down_effect_on_off=\u00a0\u00bbon\u00a0\u00bb header_scroll_down_effect=\u00a0\u00bbslideInDown\u00a0\u00bb s_background_layout=\u00a0\u00bbdark\u00a0\u00bb exclude_pages=\u00a0\u00bboff\u00a0\u00bb exclude_posts=\u00a0\u00bboff\u00a0\u00bb hide_button=\u00a0\u00bboff\u00a0\u00bb search_button_align=\u00a0\u00bbleft\u00a0\u00bb content_animation=\u00a0\u00bbfadeIn\u00a0\u00bb search_max_width_on_off=\u00a0\u00bboff\u00a0\u00bb fancyline_styles_on_off=\u00a0\u00bboff\u00a0\u00bb fancyline_color=\u00a0\u00bb#ffffff\u00a0\u00bb fancyline_width=\u00a0\u00bb80px\u00a0\u00bb fancyline_height=\u00a0\u00bb4px\u00a0\u00bb fancyline_margin_top=\u00a0\u00bb40px\u00a0\u00bb fancyline_margin_bottom=\u00a0\u00bb40px\u00a0\u00bb button_one_animation=\u00a0\u00bbfadeIn\u00a0\u00bb button_one_twod_hover_style=\u00a0\u00bbhvr-grow\u00a0\u00bb button_one_sb_hover_style=\u00a0\u00bbhvr-bubble-top\u00a0\u00bb button_two_animation=\u00a0\u00bbfadeIn\u00a0\u00bb button_two_twod_hover_style=\u00a0\u00bbhvr-grow\u00a0\u00bb button_two_sb_hover_style=\u00a0\u00bbhvr-bubble-top\u00a0\u00bb background_image=\u00a0\u00bbhttps:\/\/www.alpaviation.ch\/wp-content\/uploads\/Flightnet-1920&#215;540.jpg\u00a0\u00bb interactive_background_effect=\u00a0\u00bboff\u00a0\u00bb background_gradient=\u00a0\u00bboff\u00a0\u00bb background_gradient_type=\u00a0\u00bbleft-to-right\u00a0\u00bb background_gradient_color_one=\u00a0\u00bbrgba(108,85,247,0.88)\u00a0\u00bb background_gradient_color_two=\u00a0\u00bbrgba(46,211,234,0.88)\u00a0\u00bb moving_particles_effect=\u00a0\u00bboff\u00a0\u00bb moving_particles_circle_color=\u00a0\u00bbrgba(29,214,201,0.74)\u00a0\u00bb moving_particles_line_color=\u00a0\u00bbrgba(255,255,255,0.19)\u00a0\u00bb parallax_method=\u00a0\u00bbon\u00a0\u00bb logo_image_animation=\u00a0\u00bbfadeIn\u00a0\u00bb header_image_animation=\u00a0\u00bbfadeIn\u00a0\u00bb image_orientation=\u00a0\u00bbcenter\u00a0\u00bb divider_placement=\u00a0\u00bbdwd-d-before\u00a0\u00bb divider_type=\u00a0\u00bbdwd-d-style-triangles\u00a0\u00bb title_font=\u00a0\u00bbMontserrat|700|||||||\u00a0\u00bb title_font_size=\u00a0\u00bb80px\u00a0\u00bb title_font_size_tablet=\u00a0\u00bb40px\u00a0\u00bb title_font_size_phone=\u00a0\u00bb28px\u00a0\u00bb title_font_size_last_edited=\u00a0\u00bbon|desktop\u00a0\u00bb title_letter_spacing=\u00a0\u00bb-1px\u00a0\u00bb title_letter_spacing_phone=\u00a0\u00bb0px\u00a0\u00bb content_font=\u00a0\u00bbLato||||\u00a0\u00bb content_font_size=\u00a0\u00bb18px\u00a0\u00bb content_font_size_phone=\u00a0\u00bb14px\u00a0\u00bb content_font_size_last_edited=\u00a0\u00bbon|phone\u00a0\u00bb content_line_height=\u00a0\u00bb1.8em\u00a0\u00bb custom_button_one=\u00a0\u00bbon\u00a0\u00bb button_one_text_size=\u00a0\u00bb18&Prime; button_one_text_color=\u00a0\u00bb#ffffff\u00a0\u00bb button_one_bg_color=\u00a0\u00bb#b022e8&Prime; button_one_border_color=\u00a0\u00bb#b022e8&Prime; button_one_border_radius=\u00a0\u00bb2&Prime; custom_css_button_1=\u00a0\u00bbmargin-top: 40px;\u00a0\u00bb whole_header_animation_on_off=\u00a0\u00bboff\u00a0\u00bb whole_animation=\u00a0\u00bbfadeIn\u00a0\u00bb whole_animation_reveal=\u00a0\u00bboff\u00a0\u00bb title_animation_on_off=\u00a0\u00bboff\u00a0\u00bb title_animation=\u00a0\u00bbfadeIn\u00a0\u00bb title_animation_reveal=\u00a0\u00bboff\u00a0\u00bb subheading_animation_on_off=\u00a0\u00bboff\u00a0\u00bb subheading_animation=\u00a0\u00bbfadeIn\u00a0\u00bb subheading_animation_reveal=\u00a0\u00bboff\u00a0\u00bb content_animation_on_off=\u00a0\u00bboff\u00a0\u00bb content_animation_reveal=\u00a0\u00bboff\u00a0\u00bb button_one_animation_on_off=\u00a0\u00bboff\u00a0\u00bb button_two_animation_on_off=\u00a0\u00bboff\u00a0\u00bb button_one_animation_reveal=\u00a0\u00bboff\u00a0\u00bb button_two_animation_reveal=\u00a0\u00bboff\u00a0\u00bb logo_image_animation_on_off=\u00a0\u00bboff\u00a0\u00bb logo_image_animation_reveal=\u00a0\u00bboff\u00a0\u00bb header_image_animation_on_off=\u00a0\u00bboff\u00a0\u00bb header_image_animation_reveal=\u00a0\u00bboff\u00a0\u00bb button_mobile_fullwidth=\u00a0\u00bboff\u00a0\u00bb button_one_hover_effect_on_off=\u00a0\u00bboff\u00a0\u00bb button_one_twod_hover_on_off=\u00a0\u00bboff\u00a0\u00bb button_one_sb_hover_on_off=\u00a0\u00bboff\u00a0\u00bb button_two_hover_effect_on_off=\u00a0\u00bboff\u00a0\u00bb button_two_twod_hover_on_off=\u00a0\u00bboff\u00a0\u00bb button_two_sb_hover_on_off=\u00a0\u00bboff\u00a0\u00bb scroll_fade_header_on_off=\u00a0\u00bboff\u00a0\u00bb typing_effect=\u00a0\u00bboff\u00a0\u00bb typing_static_on_off=\u00a0\u00bboff\u00a0\u00bb typing_static_break=\u00a0\u00bboff\u00a0\u00bb typing_underline_on_off=\u00a0\u00bboff\u00a0\u00bb typing_background_on_off=\u00a0\u00bboff\u00a0\u00bb rotator_effect=\u00a0\u00bboff\u00a0\u00bb rotator_static_on_off=\u00a0\u00bboff\u00a0\u00bb rotator_static_break=\u00a0\u00bboff\u00a0\u00bb textillate_effect=\u00a0\u00bboff\u00a0\u00bb textillate_in_type=\u00a0\u00bbsequence\u00a0\u00bb textillate_out_type=\u00a0\u00bbreverse\u00a0\u00bb textgif_on_off=\u00a0\u00bboff\u00a0\u00bb popup_video_on_off_one=\u00a0\u00bboff\u00a0\u00bb url_new_window_one=\u00a0\u00bboff\u00a0\u00bb use_popup_one_on_off=\u00a0\u00bboff\u00a0\u00bb popup_video_on_off_two=\u00a0\u00bboff\u00a0\u00bb url_new_window_two=\u00a0\u00bboff\u00a0\u00bb use_popup_two_on_off=\u00a0\u00bboff\u00a0\u00bb header_image_custom_url_on_off=\u00a0\u00bboff\u00a0\u00bb header_image_custom_url_new_window=\u00a0\u00bboff\u00a0\u00bb particles_effect=\u00a0\u00bboff\u00a0\u00bb kenburns_effect=\u00a0\u00bboff\u00a0\u00bb kenburns_effect_type=\u00a0\u00bbdwd-zoomin\u00a0\u00bb animated_gradient=\u00a0\u00bboff\u00a0\u00bb animated_gradient_style=\u00a0\u00bboff\u00a0\u00bb hide_moving_particles_effect_phone=\u00a0\u00bboff\u00a0\u00bb search_on_off=\u00a0\u00bboff\u00a0\u00bb woocommerce_search_on_off=\u00a0\u00bboff\u00a0\u00bb s_text_orientation=\u00a0\u00bbleft\u00a0\u00bb search_icon_button=\u00a0\u00bboff\u00a0\u00bb hide_search_txt=\u00a0\u00bboff\u00a0\u00bb search_button_align_on_off=\u00a0\u00bboff\u00a0\u00bb divider_on_off=\u00a0\u00bboff\u00a0\u00bb custom_scroll_down_icon_on_off=\u00a0\u00bboff\u00a0\u00bb hide_header_scroll_down_phone=\u00a0\u00bboff\u00a0\u00bb particles_effect_shape=\u00a0\u00bbcircle\u00a0\u00bb hide_particles_effect_phone=\u00a0\u00bboff\u00a0\u00bb title_gradient_on_off=\u00a0\u00bboff\u00a0\u00bb subhead_gradient_on_off=\u00a0\u00bboff\u00a0\u00bb content_gradient_on_off=\u00a0\u00bboff\u00a0\u00bb content_orientation=\u00a0\u00bbcenter\u00a0\u00bb custom_button_two=\u00a0\u00bboff\u00a0\u00bb button_two_icon_placement=\u00a0\u00bbright\u00a0\u00bb button_one_icon_placement=\u00a0\u00bbright\u00a0\u00bb slicey_blury_effect=\u00a0\u00bbon\u00a0\u00bb slicey_blury_effect_type=\u00a0\u00bbdwd-slicey-type-one\u00a0\u00bb background_overlay_color=\u00a0\u00bbrgba(0,0,0,0.2)\u00a0\u00bb slicey_blurry_effect=\u00a0\u00bboff\u00a0\u00bb slicey_blurry_effect_type=\u00a0\u00bbdwd-slicey-type-one\u00a0\u00bb title_line_height=\u00a0\u00bb1.2em\u00a0\u00bb subhead_font=\u00a0\u00bbMontserrat|600|||||||\u00a0\u00bb subhead_font_size=\u00a0\u00bb20px\u00a0\u00bb subhead_letter_spacing=\u00a0\u00bb5px\u00a0\u00bb subhead_font_size_phone=\u00a0\u00bb13px\u00a0\u00bb subhead_font_size_last_edited=\u00a0\u00bbon|desktop\u00a0\u00bb wider_mobile_space=\u00a0\u00bbon\u00a0\u00bb _builder_version=\u00a0\u00bb3.0.89&Prime; textillate_effect_loop=\u00a0\u00bbfalse\u00a0\u00bb textillate_effect_type=\u00a0\u00bbchar\u00a0\u00bb wave_effect=\u00a0\u00bboff\u00a0\u00bb particles_effect_direction=\u00a0\u00bbnone\u00a0\u00bb title=\u00a0\u00bbInscription \u00e0 Flightnet\u00a0\u00bb subhead=\u00a0\u00bbDein direkter Zugang zum Reservationssystem\u00a0\u00bb kenburns_loop=\u00a0\u00bbforwards\u00a0\u00bb hide_kenburns_phone=\u00a0\u00bboff\u00a0\u00bb \/][\/et_pb_section][et_pb_section bb_built=\u00a0\u00bb1&Prime; fullwidth=\u00a0\u00bboff\u00a0\u00bb specialty=\u00a0\u00bboff\u00a0\u00bb][et_pb_row][et_pb_column type=\u00a0\u00bb4_4&Prime;][et_pb_text _builder_version=\u00a0\u00bb3.0.89&Prime; background_layout=\u00a0\u00bblight\u00a0\u00bb]<\/p>\n<h2 style=\"text-align: center;\">Votre inscription \u00e0 Flightnet est enregistr\u00e9e<\/h2>\n<h3 style=\"text-align: center;\">Bienvenue en tant que client <strong>d&rsquo;alpaviation<\/strong> <\/h3>\n<p>&nbsp;<\/p>\n<p>Merci pour votre inscription, nous allons v\u00e9rifier vos donn\u00e9es et vous envoyer les donn\u00e9es de connexion \u00e0 Flightnet d\u00e8s que possible. En attendant, n&rsquo;h\u00e9sitez pas \u00e0 jeter un coup d&rsquo;\u0153il \u00e0 notre nouveau site web. Nous sommes convaincus de pouvoir vous offrir \u00e0 l&rsquo;avenir le service que vous attendez d&rsquo;un centre de formation et de vol professionnel. <\/p>\n<p>Si vous avez des questions ou des suggestions, nous sommes toujours l\u00e0 pour vous. En ligne sur diff\u00e9rents canaux et, bien s\u00fbr, en personne dans nos nouveaux locaux au premier \u00e9tage du General Aviation Center de l&rsquo;a\u00e9roport de Berne. <\/p>\n<p>&nbsp;<\/p>\n<p>[\/et_pb_text][\/et_pb_column][\/et_pb_row][\/et_pb_section]<\/p>\n","protected":false},"excerpt":{"rendered":"<p>[et_pb_section bb_built=\u00a0\u00bb1&Prime; fullwidth=\u00a0\u00bbon\u00a0\u00bb transparent_background=\u00a0\u00bboff\u00a0\u00bb _builder_version=\u00a0\u00bb3.0.89&Prime;][et_pb_fullwidth_header_extended admin_label=\u00a0\u00bbTitelbild\u00a0\u00bb rotator_type=\u00a0\u00bbslideInDown\u00a0\u00bb rotator_speed=\u00a0\u00bb2750&Prime; shuffle_text_on_off=\u00a0\u00bboff\u00a0\u00bb title_fancyline=\u00a0\u00bboff\u00a0\u00bb title_before_after=\u00a0\u00bbafter\u00a0\u00bb title_fancy_orientation=\u00a0\u00bbcenter\u00a0\u00bb subhead_before_after=\u00a0\u00bbafter\u00a0\u00bb background_layout=\u00a0\u00bbdark\u00a0\u00bb text_orientation=\u00a0\u00bbleft\u00a0\u00bb header_fullscreen=\u00a0\u00bboff\u00a0\u00bb header_scroll_down=\u00a0\u00bboff\u00a0\u00bb scroll_down_icon=\u00a0\u00bb%%4%%\u00a0\u00bb header_scroll_down_effect_on_off=\u00a0\u00bbon\u00a0\u00bb header_scroll_down_effect=\u00a0\u00bbslideInDown\u00a0\u00bb s_background_layout=\u00a0\u00bbdark\u00a0\u00bb exclude_pages=\u00a0\u00bboff\u00a0\u00bb exclude_posts=\u00a0\u00bboff\u00a0\u00bb hide_button=\u00a0\u00bboff\u00a0\u00bb search_button_align=\u00a0\u00bbleft\u00a0\u00bb content_animation=\u00a0\u00bbfadeIn\u00a0\u00bb search_max_width_on_off=\u00a0\u00bboff\u00a0\u00bb fancyline_styles_on_off=\u00a0\u00bboff\u00a0\u00bb fancyline_color=\u00a0\u00bb#ffffff\u00a0\u00bb fancyline_width=\u00a0\u00bb80px\u00a0\u00bb fancyline_height=\u00a0\u00bb4px\u00a0\u00bb fancyline_margin_top=\u00a0\u00bb40px\u00a0\u00bb fancyline_margin_bottom=\u00a0\u00bb40px\u00a0\u00bb button_one_animation=\u00a0\u00bbfadeIn\u00a0\u00bb button_one_twod_hover_style=\u00a0\u00bbhvr-grow\u00a0\u00bb button_one_sb_hover_style=\u00a0\u00bbhvr-bubble-top\u00a0\u00bb button_two_animation=\u00a0\u00bbfadeIn\u00a0\u00bb button_two_twod_hover_style=\u00a0\u00bbhvr-grow\u00a0\u00bb button_two_sb_hover_style=\u00a0\u00bbhvr-bubble-top\u00a0\u00bb background_image=\u00a0\u00bbhttps:\/\/www.alpaviation.ch\/wp-content\/uploads\/Flightnet-1920&#215;540.jpg\u00a0\u00bb interactive_background_effect=\u00a0\u00bboff\u00a0\u00bb background_gradient=\u00a0\u00bboff\u00a0\u00bb background_gradient_type=\u00a0\u00bbleft-to-right\u00a0\u00bb background_gradient_color_one=\u00a0\u00bbrgba(108,85,247,0.88)\u00a0\u00bb background_gradient_color_two=\u00a0\u00bbrgba(46,211,234,0.88)\u00a0\u00bb moving_particles_effect=\u00a0\u00bboff\u00a0\u00bb moving_particles_circle_color=\u00a0\u00bbrgba(29,214,201,0.74)\u00a0\u00bb moving_particles_line_color=\u00a0\u00bbrgba(255,255,255,0.19)\u00a0\u00bb parallax_method=\u00a0\u00bbon\u00a0\u00bb logo_image_animation=\u00a0\u00bbfadeIn\u00a0\u00bb header_image_animation=\u00a0\u00bbfadeIn\u00a0\u00bb image_orientation=\u00a0\u00bbcenter\u00a0\u00bb divider_placement=\u00a0\u00bbdwd-d-before\u00a0\u00bb divider_type=\u00a0\u00bbdwd-d-style-triangles\u00a0\u00bb title_font=\u00a0\u00bbMontserrat|700|||||||\u00a0\u00bb [&hellip;]<\/p>\n","protected":false},"author":1,"featured_media":125841,"parent":0,"menu_order":0,"comment_status":"closed","ping_status":"closed","template":"","meta":{"_et_pb_use_builder":"on","_et_pb_old_content":"","_et_gb_content_width":""},"_links":{"self":[{"href":"https:\/\/www.alpaviation.ch\/fr\/wp-json\/wp\/v2\/pages\/125844"}],"collection":[{"href":"https:\/\/www.alpaviation.ch\/fr\/wp-json\/wp\/v2\/pages"}],"about":[{"href":"https:\/\/www.alpaviation.ch\/fr\/wp-json\/wp\/v2\/types\/page"}],"author":[{"embeddable":true,"href":"https:\/\/www.alpaviation.ch\/fr\/wp-json\/wp\/v2\/users\/1"}],"replies":[{"embeddable":true,"href":"https:\/\/www.alpaviation.ch\/fr\/wp-json\/wp\/v2\/comments?post=125844"}],"version-history":[{"count":2,"href":"https:\/\/www.alpaviation.ch\/fr\/wp-json\/wp\/v2\/pages\/125844\/revisions"}],"predecessor-version":[{"id":125846,"href":"https:\/\/www.alpaviation.ch\/fr\/wp-json\/wp\/v2\/pages\/125844\/revisions\/125846"}],"wp:featuredmedia":[{"embeddable":true,"href":"https:\/\/www.alpaviation.ch\/fr\/wp-json\/wp\/v2\/media\/125841"}],"wp:attachment":[{"href":"https:\/\/www.alpaviation.ch\/fr\/wp-json\/wp\/v2\/media?parent=125844"}],"curies":[{"name":"wp","href":"https:\/\/api.w.org\/{rel}","templated":true}]}}