{"id":125812,"date":"2017-11-23T16:29:59","date_gmt":"2017-11-23T15:29:59","guid":{"rendered":"https:\/\/www.alpaviation.ch\/formation\/"},"modified":"2025-10-30T11:13:40","modified_gmt":"2025-10-30T10:13:40","slug":"entrainement","status":"publish","type":"page","link":"https:\/\/www.alpaviation.ch\/fr\/entrainement\/","title":{"rendered":"Formation"},"content":{"rendered":"<p>[et_pb_section fb_built=\u00a0\u00bb1&Prime; fullwidth=\u00a0\u00bbon\u00a0\u00bb _builder_version=\u00a0\u00bb3.22&Prime; transparent_background=\u00a0\u00bboff\u00a0\u00bb][et_pb_fullwidth_header_extended title=\u00a0\u00bb Entra\u00eenement\u00a0\u00bb subhead=\u00a0\u00bbdes pilotes priv\u00e9s aux pilotes de ligne\u00a0\u00bb text_orientation=\u00a0\u00bbcenter\u00a0\u00bb header_fullscreen=\u00a0\u00bbon\u00a0\u00bb background_overlay_color=\u00a0\u00bbrgba(0,0,0,0.2)\u00a0\u00bb background_gradient=\u00a0\u00bboff\u00a0\u00bb wider_mobile_space=\u00a0\u00bbon\u00a0\u00bb button_one_sb_hover_on_off=\u00a0\u00bboff\u00a0\u00bb button_two_sb_hover_on_off=\u00a0\u00bboff\u00a0\u00bb title_fancyline=\u00a0\u00bbon\u00a0\u00bb title_fancy_orientation=\u00a0\u00bbcenter\u00a0\u00bb fancyline_color=\u00a0\u00bb#ffffff\u00a0\u00bb fancyline_width=\u00a0\u00bb80px\u00a0\u00bb fancyline_height=\u00a0\u00bb4px\u00a0\u00bb fancyline_margin_top=\u00a0\u00bb40px\u00a0\u00bb animated_gradient=\u00a0\u00bboff\u00a0\u00bb content_orientation=\u00a0\u00bbbottom\u00a0\u00bb textillate_effect=\u00a0\u00bbon\u00a0\u00bb textillate_effect_loop=\u00a0\u00bbfalse\u00a0\u00bb s_background_layout=\u00a0\u00bbdark\u00a0\u00bb header_scroll_down_effect_on_off=\u00a0\u00bbon\u00a0\u00bb header_scroll_down_effect=\u00a0\u00bbslideInDown\u00a0\u00bb title_gradient_on_off=\u00a0\u00bboff\u00a0\u00bb subhead_gradient_on_off=\u00a0\u00bboff\u00a0\u00bb content_gradient_on_off=\u00a0\u00bboff\u00a0\u00bb admin_label=\u00a0\u00bbTitelbild\u00a0\u00bb _builder_version=\u00a0\u00bb4.5.3&Prime; title_font=\u00a0\u00bbMontserrat|700|||||||\u00a0\u00bb title_font_size=\u00a0\u00bb80px\u00a0\u00bb title_letter_spacing=\u00a0\u00bb-1px\u00a0\u00bb title_line_height=\u00a0\u00bb1.2em\u00a0\u00bb content_font=\u00a0\u00bbLato||||\u00a0\u00bb content_font_size=\u00a0\u00bb18px\u00a0\u00bb content_line_height=\u00a0\u00bb1.8em\u00a0\u00bb subhead_font=\u00a0\u00bbMontserrat|600|||||||\u00a0\u00bb subhead_font_size=\u00a0\u00bb20px\u00a0\u00bb subhead_letter_spacing=\u00a0\u00bb5px\u00a0\u00bb background_image=\u00a0\u00bbhttps:\/\/www.alpaviation.ch\/wp-content\/uploads\/Ausbildung-1920.png\u00a0\u00bb custom_button_one=\u00a0\u00bbon\u00a0\u00bb button_one_text_size=\u00a0\u00bb18&Prime; button_one_text_color=\u00a0\u00bb#ffffff\u00a0\u00bb button_one_bg_color=\u00a0\u00bb#b022e8&Prime; button_one_border_color=\u00a0\u00bb#b022e8&Prime; button_one_border_radius=\u00a0\u00bb2&Prime; background_layout=\u00a0\u00bbdark\u00a0\u00bb title_font_size_tablet=\u00a0\u00bb40px\u00a0\u00bb title_font_size_phone=\u00a0\u00bb28px\u00a0\u00bb title_font_size_last_edited=\u00a0\u00bbon|desktop\u00a0\u00bb title_letter_spacing_phone=\u00a0\u00bb0px\u00a0\u00bb content_font_size_tablet=\u00a0\u00bb\u00a0\u00bb content_font_size_phone=\u00a0\u00bb14px\u00a0\u00bb content_font_size_last_edited=\u00a0\u00bbon|phone\u00a0\u00bb subhead_font_size_tablet=\u00a0\u00bb\u00a0\u00bb subhead_font_size_phone=\u00a0\u00bb13px\u00a0\u00bb subhead_font_size_last_edited=\u00a0\u00bbon|desktop\u00a0\u00bb custom_css_button_1=\u00a0\u00bbmargin-top: 40px;\u00a0\u00bb][\/et_pb_fullwidth_header_extended][\/et_pb_section][et_pb_section fb_built=\u00a0\u00bb1&Prime; _builder_version=\u00a0\u00bb3.22&Prime;][et_pb_row _builder_version=\u00a0\u00bb3.25&Prime; background_size=\u00a0\u00bbinitial\u00a0\u00bb background_position=\u00a0\u00bbtop_left\u00a0\u00bb background_repeat=\u00a0\u00bbrepeat\u00a0\u00bb][et_pb_column type=\u00a0\u00bb4_4&Prime; _builder_version=\u00a0\u00bb3.25&Prime; custom_padding=\u00a0\u00bb|||\u00a0\u00bb custom_padding__hover=\u00a0\u00bb|||\u00a0\u00bb][et_pb_text _builder_version=\u00a0\u00bb4.5.3&Prime;]Vous souhaitez piloter un avion et obtenir votre licence de pilote priv\u00e9 (PPL) ? Ou souhaitez-vous transporter des passagers heureux vers leur destination depuis la cabine avant gauche d&rsquo;un gros avion ?<\/p>\n<p>Chez alpaviation, nous vous proposons une formation approfondie et sur mesure dans les deux cas.[\/et_pb_text][\/et_pb_column][\/et_pb_row][et_pb_row column_structure=\u00a0\u00bb1_3,1_3,1_3&Prime; _builder_version=\u00a0\u00bb3.25&Prime; background_size=\u00a0\u00bbinitial\u00a0\u00bb background_position=\u00a0\u00bbtop_left\u00a0\u00bb background_repeat=\u00a0\u00bbrepeat\u00a0\u00bb][et_pb_column type=\u00a0\u00bb1_3&Prime; _builder_version=\u00a0\u00bb3.25&Prime; custom_padding=\u00a0\u00bb|||\u00a0\u00bb custom_padding__hover=\u00a0\u00bb|||\u00a0\u00bb][et_pb_text admin_label=\u00a0\u00bbPrivatpilot-text\u00a0\u00bb _builder_version=\u00a0\u00bb4.5.3&Prime;]<\/p>\n<h1 style=\"text-align: center;\"><a href=\"https:\/\/www.alpaviation.ch\/privatpilot\/\">Pilote priv\u00e9<\/a><\/h1>\n<p>[\/et_pb_text][et_pb_image src=\u00a0\u00bbhttps:\/\/www.alpaviation.ch\/wp-content\/uploads\/ausbildung-800.jpg\u00a0\u00bb url=\u00a0\u00bbhttps:\/\/www.alpaviation.ch\/privatpilot\/\u00a0\u00bb align_tablet=\u00a0\u00bbcenter\u00a0\u00bb align_phone=\u00a0\u00bb\u00a0\u00bb align_last_edited=\u00a0\u00bbon|desktop\u00a0\u00bb admin_label=\u00a0\u00bbPrivatpilot-bild\u00a0\u00bb _builder_version=\u00a0\u00bb3.23&Prime; always_center_on_mobile=\u00a0\u00bbon\u00a0\u00bb][\/et_pb_image][\/et_pb_column][et_pb_column type=\u00a0\u00bb1_3&Prime; _builder_version=\u00a0\u00bb4.5.3&Prime; _module_preset=\u00a0\u00bbdefault\u00a0\u00bb][et_pb_text admin_label=\u00a0\u00bbBerufspilot-text\u00a0\u00bb _builder_version=\u00a0\u00bb4.5.3&Prime;]<\/p>\n<h1 style=\"text-align: center;\"><a href=\"https:\/\/www.alpaviation.ch\/berufspilot\/\">Pilote professionnel<\/a> <\/h1>\n<p>[\/et_pb_text][et_pb_image src=\u00a0\u00bbhttps:\/\/www.alpaviation.ch\/wp-content\/uploads\/Berufspilot-800.jpg\u00a0\u00bb url=\u00a0\u00bbhttps:\/\/www.alpaviation.ch\/ausbildung\/berufspilot\/cpla\/\u00a0\u00bb align_tablet=\u00a0\u00bbcenter\u00a0\u00bb align_phone=\u00a0\u00bb\u00a0\u00bb align_last_edited=\u00a0\u00bbon|desktop\u00a0\u00bb admin_label=\u00a0\u00bbBerufspilot-bild\u00a0\u00bb _builder_version=\u00a0\u00bb4.5.3&Prime; always_center_on_mobile=\u00a0\u00bbon\u00a0\u00bb][\/et_pb_image][\/et_pb_column][et_pb_column type=\u00a0\u00bb1_3&Prime; _builder_version=\u00a0\u00bb3.25&Prime; custom_padding=\u00a0\u00bb|||\u00a0\u00bb custom_padding__hover=\u00a0\u00bb|||\u00a0\u00bb][et_pb_text admin_label=\u00a0\u00bbLinienpilot-text\u00a0\u00bb _builder_version=\u00a0\u00bb4.5.3&Prime;]<\/p>\n<h1 style=\"text-align: center;\"><a href=\"https:\/\/www.alpaviation.ch\/ausbildung\/linienpilot\/atpl-a\/\">Pilote de ligne<\/a><\/h1>\n<p>[\/et_pb_text][et_pb_image src=\u00a0\u00bbhttps:\/\/www.alpaviation.ch\/wp-content\/uploads\/Berufspilot-800.jpg\u00a0\u00bb url=\u00a0\u00bbhttps:\/\/www.alpaviation.ch\/ausbildung\/linienpilot\/atpl-a\/\u00a0\u00bb align_tablet=\u00a0\u00bbcenter\u00a0\u00bb align_phone=\u00a0\u00bb\u00a0\u00bb align_last_edited=\u00a0\u00bbon|desktop\u00a0\u00bb admin_label=\u00a0\u00bbLinienpilot-bild\u00a0\u00bb _builder_version=\u00a0\u00bb4.5.3&Prime; always_center_on_mobile=\u00a0\u00bbon\u00a0\u00bb][\/et_pb_image][\/et_pb_column][\/et_pb_row][et_pb_row _builder_version=\u00a0\u00bb3.25&Prime; background_size=\u00a0\u00bbinitial\u00a0\u00bb background_position=\u00a0\u00bbtop_left\u00a0\u00bb background_repeat=\u00a0\u00bbrepeat\u00a0\u00bb][et_pb_column type=\u00a0\u00bb4_4&Prime; _builder_version=\u00a0\u00bb3.25&Prime; custom_padding=\u00a0\u00bb|||\u00a0\u00bb custom_padding__hover=\u00a0\u00bb|||\u00a0\u00bb][et_pb_text _builder_version=\u00a0\u00bb4.5.3&Prime;]Vous poss\u00e9dez d\u00e9j\u00e0 une licence de pilote, mais vous souhaitez approfondir vos connaissances dans ce secteur passionnant, voire devenir vous-m\u00eame instructeur de vol.<\/p>\n<p>Ici aussi, nous vous offrons l\u2019environnement n\u00e9cessaire pour progresser dans votre loisir et votre carri\u00e8re.[\/et_pb_text][\/et_pb_column][\/et_pb_row][et_pb_row column_structure=\u00a0\u00bb1_3,1_3,1_3&Prime; _builder_version=\u00a0\u00bb3.25&Prime; background_size=\u00a0\u00bbinitial\u00a0\u00bb background_position=\u00a0\u00bbtop_left\u00a0\u00bb background_repeat=\u00a0\u00bbrepeat\u00a0\u00bb][et_pb_column type=\u00a0\u00bb1_3&Prime; _builder_version=\u00a0\u00bb3.25&Prime; custom_padding=\u00a0\u00bb|||\u00a0\u00bb custom_padding__hover=\u00a0\u00bb|||\u00a0\u00bb][et_pb_text admin_label=\u00a0\u00bbRatings-text\u00a0\u00bb _builder_version=\u00a0\u00bb4.5.3&Prime; custom_margin=\u00a0\u00bb|-26px||-46px||\u00a0\u00bb custom_padding=\u00a0\u00bb|||16px||\u00a0\u00bb]<\/p>\n<h1 style=\"text-align: center;\"><a href=\"https:\/\/www.alpaviation.ch\/ratings\/\">Notations et autorisations<\/a><\/h1>\n<p>[\/et_pb_text][et_pb_image src=\u00a0\u00bbhttps:\/\/www.alpaviation.ch\/wp-content\/uploads\/Ratings-800.jpg\u00a0\u00bb url=\u00a0\u00bbhttps:\/\/www.alpaviation.ch\/ratings\/\u00a0\u00bb align_tablet=\u00a0\u00bbcenter\u00a0\u00bb align_phone=\u00a0\u00bb\u00a0\u00bb align_last_edited=\u00a0\u00bbon|desktop\u00a0\u00bb admin_label=\u00a0\u00bbRatings-bild\u00a0\u00bb _builder_version=\u00a0\u00bb4.5.3&Prime; always_center_on_mobile=\u00a0\u00bbon\u00a0\u00bb][\/et_pb_image][\/et_pb_column][et_pb_column type=\u00a0\u00bb1_3&Prime; _builder_version=\u00a0\u00bb4.5.3&Prime; _module_preset=\u00a0\u00bbdefault\u00a0\u00bb][et_pb_text admin_label=\u00a0\u00bbWeiterbildung-text\u00a0\u00bb _builder_version=\u00a0\u00bb4.5.3&Prime;]<\/p>\n<h1 style=\"text-align: center;\"><a href=\"https:\/\/www.alpaviation.ch\/weiterbildung\/\">  Formations continues  <\/a><\/h1>\n<p>[\/et_pb_text][et_pb_image src=\u00a0\u00bbhttps:\/\/www.alpaviation.ch\/wp-content\/uploads\/Weiterbildung-800.jpg\u00a0\u00bb url=\u00a0\u00bbhttps:\/\/www.alpaviation.ch\/weiterbildung\/\u00a0\u00bb align_tablet=\u00a0\u00bbcenter\u00a0\u00bb align_phone=\u00a0\u00bb\u00a0\u00bb align_last_edited=\u00a0\u00bbon|desktop\u00a0\u00bb admin_label=\u00a0\u00bbWeiterbildung-bild\u00a0\u00bb _builder_version=\u00a0\u00bb4.5.3&Prime; always_center_on_mobile=\u00a0\u00bbon\u00a0\u00bb][\/et_pb_image][\/et_pb_column][et_pb_column type=\u00a0\u00bb1_3&Prime; _builder_version=\u00a0\u00bb3.25&Prime; custom_padding=\u00a0\u00bb|||\u00a0\u00bb custom_padding__hover=\u00a0\u00bb|||\u00a0\u00bb][et_pb_text admin_label=\u00a0\u00bbInstruktoren-text\u00a0\u00bb _builder_version=\u00a0\u00bb4.5.3&Prime; custom_margin=\u00a0\u00bb|-8px||||\u00a0\u00bb]<\/p>\n<h1 style=\"text-align: center;\"><a href=\"https:\/\/www.alpaviation.ch\/instruktoren-ausbildung\/\">Formation des instructeurs<\/a><\/h1>\n<p>[\/et_pb_text][et_pb_image src=\u00a0\u00bbhttps:\/\/www.alpaviation.ch\/wp-content\/uploads\/fluglehrer-600&#215;420.jpg\u00a0\u00bb alt=\u00a0\u00bbInstructeur de vol\u00a0\u00bb title_text=\u00a0\u00bbinstructeur de vol-600&#215;420&Prime; url=\u00a0\u00bbhttps:\/\/www.alpaviation.ch\/instruktoren-ausbildung\/\u00a0\u00bb align_tablet=\u00a0\u00bbcenter\u00a0\u00bb align_phone=\u00a0\u00bb\u00a0\u00bb align_last_edited=\u00a0\u00bbon|desktop\u00a0\u00bb admin_label=\u00a0\u00bbInstruktoren-bild\u00a0\u00bb _builder_version=\u00a0\u00bb4.5.3&Prime; always_center_on_mobile=\u00a0\u00bbon\u00a0\u00bb][\/et_pb_image][\/et_pb_column][\/et_pb_row][\/et_pb_section][et_pb_section fb_built=\u00a0\u00bb1&Prime; _builder_version=\u00a0\u00bb4.5.3&Prime; _module_preset=\u00a0\u00bbdefault\u00a0\u00bb][et_pb_row _builder_version=\u00a0\u00bb4.5.3&Prime; _module_preset=\u00a0\u00bbdefault\u00a0\u00bb][et_pb_column type=\u00a0\u00bb4_4&Prime; _builder_version=\u00a0\u00bb4.5.3&Prime; _module_preset=\u00a0\u00bbdefault\u00a0\u00bb][et_pb_text _builder_version=\u00a0\u00bb4.5.3&Prime; _module_preset=\u00a0\u00bbdefault\u00a0\u00bb hover_enabled=\u00a0\u00bb0&Prime;]<strong>Nous proposons les formations et perfectionnements suivants :<\/strong><\/p>\n<p>&nbsp;<\/p>\n<div _ngcontent-rnr-c10=\"\" class=\"component ng-star-inserted\">\n<p><span _ngcontent-rnr-c10=\"\" class=\"name\"><strong _ngcontent-rnr-c10=\"\">ATPL(A) Modulaire<\/strong><em _ngcontent-rnr-c10=\"\"><span> <\/span>Incluant la th\u00e9orie \u00e0 distance et le cours passerelle ATPL(H) vers ATPL(A)<\/em><\/span><\/p>\n<hr _ngcontent-rnr-c10=\"\" \/>\n<\/div>\n<div _ngcontent-rnr-c10=\"\" class=\"component ng-star-inserted\">\n<p><span _ngcontent-rnr-c10=\"\" class=\"name\"><strong _ngcontent-rnr-c10=\"\">Notation voltige<\/strong><em _ngcontent-rnr-c10=\"\"><\/em><\/span><\/p>\n<hr _ngcontent-rnr-c10=\"\" \/>\n<\/div>\n<div _ngcontent-rnr-c10=\"\" class=\"component ng-star-inserted\">\n<p><span _ngcontent-rnr-c10=\"\" class=\"name\"><strong _ngcontent-rnr-c10=\"\">CPL(A) modulaire<\/strong><em _ngcontent-rnr-c10=\"\"><span> <\/span>Incluant l&rsquo;apprentissage \u00e0 distance<\/em><\/span><\/p>\n<hr _ngcontent-rnr-c10=\"\" \/>\n<\/div>\n<div _ngcontent-rnr-c10=\"\" class=\"component ng-star-inserted\">\n<p><span _ngcontent-rnr-c10=\"\" class=\"name\"><strong _ngcontent-rnr-c10=\"\">CRI(A)<\/strong><em _ngcontent-rnr-c10=\"\"><\/em><\/span><\/p>\n<hr _ngcontent-rnr-c10=\"\" \/>\n<\/div>\n<div _ngcontent-rnr-c10=\"\" class=\"component ng-star-inserted\">\n<p><span _ngcontent-rnr-c10=\"\" class=\"name\"><strong _ngcontent-rnr-c10=\"\">Cessna SET (Monoturbine)<\/strong><em _ngcontent-rnr-c10=\"\"><\/em><\/span><\/p>\n<hr _ngcontent-rnr-c10=\"\" \/>\n<\/div>\n<div _ngcontent-rnr-c10=\"\" class=\"component ng-star-inserted\">\n<p><span _ngcontent-rnr-c10=\"\" class=\"name\"><strong _ngcontent-rnr-c10=\"\">FI(A)<\/strong><em _ngcontent-rnr-c10=\"\"><\/em><\/span><\/p>\n<hr _ngcontent-rnr-c10=\"\" \/>\n<\/div>\n<div _ngcontent-rnr-c10=\"\" class=\"component ng-star-inserted\">\n<p><span _ngcontent-rnr-c10=\"\" class=\"name\"><strong _ngcontent-rnr-c10=\"\">HPA<\/strong><em _ngcontent-rnr-c10=\"\"><span> <\/span>Incluant l&rsquo;apprentissage \u00e0 distance<\/em><\/span><\/p>\n<hr _ngcontent-rnr-c10=\"\" \/>\n<\/div>\n<div _ngcontent-rnr-c10=\"\" class=\"component ng-star-inserted\">\n<p><span _ngcontent-rnr-c10=\"\" class=\"name\"><strong _ngcontent-rnr-c10=\"\">IR(A) modular<\/strong><em _ngcontent-rnr-c10=\"\"><span> <\/span>Including Distance Learning and Competency-Base IR Including Distance Learning<\/em><\/span><\/p>\n<hr _ngcontent-rnr-c10=\"\" \/>\n<\/div>\n<div _ngcontent-rnr-c10=\"\" class=\"component ng-star-inserted\">\n<p><span _ngcontent-rnr-c10=\"\" class=\"name\"><strong _ngcontent-rnr-c10=\"\">IR(A) modulaire<\/strong><em _ngcontent-rnr-c10=\"\"><span> <\/span>Incluant la formation \u00e0 distance et l&rsquo;IR bas\u00e9e sur les comp\u00e9tences<\/em><\/span><\/p>\n<hr _ngcontent-rnr-c10=\"\" \/>\n<\/div>\n<div _ngcontent-rnr-c10=\"\" class=\"component ng-star-inserted\">\n<p><span _ngcontent-rnr-c10=\"\" class=\"name\"><strong _ngcontent-rnr-c10=\"\">IRI(A)<\/strong><em _ngcontent-rnr-c10=\"\"><\/em><\/span><\/p>\n<hr _ngcontent-rnr-c10=\"\" \/>\n<\/div>\n<div _ngcontent-rnr-c10=\"\" class=\"component ng-star-inserted\">\n<p><span _ngcontent-rnr-c10=\"\" class=\"name\"><strong _ngcontent-rnr-c10=\"\">LAPL(A)<\/strong><em _ngcontent-rnr-c10=\"\"><span> <\/span>Incluant l&rsquo;apprentissage \u00e0 distance<\/em><\/span><\/p>\n<hr _ngcontent-rnr-c10=\"\" \/>\n<\/div>\n<div _ngcontent-rnr-c10=\"\" class=\"component ng-star-inserted\">\n<p><span _ngcontent-rnr-c10=\"\" class=\"name\"><strong _ngcontent-rnr-c10=\"\">Learjet20\/30<\/strong><em _ngcontent-rnr-c10=\"\"><\/em><\/span><\/p>\n<hr _ngcontent-rnr-c10=\"\" \/>\n<\/div>\n<div _ngcontent-rnr-c10=\"\" class=\"component ng-star-inserted\">\n<p><span _ngcontent-rnr-c10=\"\" class=\"name\"><strong _ngcontent-rnr-c10=\"\">MCC(A)<\/strong><em _ngcontent-rnr-c10=\"\"><\/em><\/span><\/p>\n<hr _ngcontent-rnr-c10=\"\" \/>\n<\/div>\n<div _ngcontent-rnr-c10=\"\" class=\"component ng-star-inserted\">\n<p><span _ngcontent-rnr-c10=\"\" class=\"name\"><strong _ngcontent-rnr-c10=\"\">MCCI(A)<\/strong><em _ngcontent-rnr-c10=\"\"><\/em><\/span><\/p>\n<hr _ngcontent-rnr-c10=\"\" \/>\n<\/div>\n<div _ngcontent-rnr-c10=\"\" class=\"component ng-star-inserted\">\n<p><span _ngcontent-rnr-c10=\"\" class=\"name\"><strong _ngcontent-rnr-c10=\"\">MEP (land)<\/strong><em _ngcontent-rnr-c10=\"\"><\/em><\/span><\/p>\n<hr _ngcontent-rnr-c10=\"\" \/>\n<\/div>\n<div _ngcontent-rnr-c10=\"\" class=\"component ng-star-inserted\">\n<p><span _ngcontent-rnr-c10=\"\" class=\"name\"><strong _ngcontent-rnr-c10=\"\">Cote de la montagne(A)<\/strong><em _ngcontent-rnr-c10=\"\"><\/em><\/span><\/p>\n<hr _ngcontent-rnr-c10=\"\" \/>\n<\/div>\n<div _ngcontent-rnr-c10=\"\" class=\"component ng-star-inserted\">\n<p><span _ngcontent-rnr-c10=\"\" class=\"name\"><strong _ngcontent-rnr-c10=\"\">Night Rating(A)<\/strong><em _ngcontent-rnr-c10=\"\"><span> <\/span>Inclut l&rsquo;apprentissage \u00e0 distance<\/em><\/span><\/p>\n<hr _ngcontent-rnr-c10=\"\" \/>\n<\/div>\n<div _ngcontent-rnr-c10=\"\" class=\"component ng-star-inserted\">\n<p><span _ngcontent-rnr-c10=\"\" class=\"name\"><strong _ngcontent-rnr-c10=\"\">PA-46 SET<\/strong><em _ngcontent-rnr-c10=\"\"><\/em><\/span><\/p>\n<hr _ngcontent-rnr-c10=\"\" \/>\n<\/div>\n<div _ngcontent-rnr-c10=\"\" class=\"component ng-star-inserted\">\n<p><span _ngcontent-rnr-c10=\"\" class=\"name\"><strong _ngcontent-rnr-c10=\"\">PA31\/42<\/strong><em _ngcontent-rnr-c10=\"\"><\/em><\/span><\/p>\n<hr _ngcontent-rnr-c10=\"\" \/>\n<\/div>\n<div _ngcontent-rnr-c10=\"\" class=\"component ng-star-inserted\">\n<p><span _ngcontent-rnr-c10=\"\" class=\"name\"><strong _ngcontent-rnr-c10=\"\">PPL(A)<\/strong><em _ngcontent-rnr-c10=\"\"><span> <\/span>Incluant l&rsquo;apprentissage \u00e0 distance<\/em><\/span><\/p>\n<hr _ngcontent-rnr-c10=\"\" \/>\n<\/div>\n<div _ngcontent-rnr-c10=\"\" class=\"component ng-star-inserted\">\n<p><span _ngcontent-rnr-c10=\"\" class=\"name\"><strong _ngcontent-rnr-c10=\"\">Pilatus PC12 SET<\/strong><em _ngcontent-rnr-c10=\"\"><span> <\/span>Limit\u00e9 \u00e0 la variante\/diff\u00e9rences\/familiarisation et SPO \u00e0 MPO comme sp\u00e9cifi\u00e9 dans la documentation des organisations<\/em><\/span><\/p>\n<hr _ngcontent-rnr-c10=\"\" \/>\n<\/div>\n<div _ngcontent-rnr-c10=\"\" class=\"component ng-star-inserted\">\n<p><span _ngcontent-rnr-c10=\"\" class=\"name\"><strong _ngcontent-rnr-c10=\"\">Pilatus PC6 SET<\/strong><em _ngcontent-rnr-c10=\"\"><\/em><\/span><\/p>\n<hr _ngcontent-rnr-c10=\"\" \/>\n<\/div>\n<div _ngcontent-rnr-c10=\"\" class=\"component ng-star-inserted\">\n<p><span _ngcontent-rnr-c10=\"\" class=\"name\"><strong _ngcontent-rnr-c10=\"\">SEP (land)<\/strong><em _ngcontent-rnr-c10=\"\"><\/em><\/span><\/p>\n<hr _ngcontent-rnr-c10=\"\" \/>\n<\/div>\n<div _ngcontent-rnr-c10=\"\" class=\"component ng-star-inserted\">\n<p><span _ngcontent-rnr-c10=\"\" class=\"name\"><strong _ngcontent-rnr-c10=\"\">TRI(A)<\/strong><em _ngcontent-rnr-c10=\"\"><\/em><\/span><\/p>\n<hr _ngcontent-rnr-c10=\"\" \/>\n<\/div>\n<div _ngcontent-rnr-c10=\"\" class=\"component ng-star-inserted\">\n<p><span _ngcontent-rnr-c10=\"\" class=\"name\"><strong _ngcontent-rnr-c10=\"\">UPRT Advanced<\/strong><em _ngcontent-rnr-c10=\"\"><\/em><\/span><\/p>\n<hr _ngcontent-rnr-c10=\"\" \/>\n<\/div>\n<div _ngcontent-rnr-c10=\"\" class=\"component ng-star-inserted\"><span _ngcontent-rnr-c10=\"\" class=\"name\"><strong _ngcontent-rnr-c10=\"\">UPRT Advanced FI(A)<\/strong><\/span><\/div>\n<p>&nbsp;[\/et_pb_text][\/et_pb_column][\/et_pb_row][\/et_pb_section]<\/p>\n","protected":false},"excerpt":{"rendered":"<p>[et_pb_section fb_built=\u00a0\u00bb1&Prime; fullwidth=\u00a0\u00bbon\u00a0\u00bb _builder_version=\u00a0\u00bb3.22&Prime; transparent_background=\u00a0\u00bboff\u00a0\u00bb][et_pb_fullwidth_header_extended title=\u00a0\u00bb Entra\u00eenement\u00a0\u00bb subhead=\u00a0\u00bbdes pilotes priv\u00e9s aux pilotes de ligne\u00a0\u00bb text_orientation=\u00a0\u00bbcenter\u00a0\u00bb header_fullscreen=\u00a0\u00bbon\u00a0\u00bb background_overlay_color=\u00a0\u00bbrgba(0,0,0,0.2)\u00a0\u00bb background_gradient=\u00a0\u00bboff\u00a0\u00bb wider_mobile_space=\u00a0\u00bbon\u00a0\u00bb button_one_sb_hover_on_off=\u00a0\u00bboff\u00a0\u00bb button_two_sb_hover_on_off=\u00a0\u00bboff\u00a0\u00bb title_fancyline=\u00a0\u00bbon\u00a0\u00bb title_fancy_orientation=\u00a0\u00bbcenter\u00a0\u00bb fancyline_color=\u00a0\u00bb#ffffff\u00a0\u00bb fancyline_width=\u00a0\u00bb80px\u00a0\u00bb fancyline_height=\u00a0\u00bb4px\u00a0\u00bb fancyline_margin_top=\u00a0\u00bb40px\u00a0\u00bb animated_gradient=\u00a0\u00bboff\u00a0\u00bb content_orientation=\u00a0\u00bbbottom\u00a0\u00bb textillate_effect=\u00a0\u00bbon\u00a0\u00bb textillate_effect_loop=\u00a0\u00bbfalse\u00a0\u00bb s_background_layout=\u00a0\u00bbdark\u00a0\u00bb header_scroll_down_effect_on_off=\u00a0\u00bbon\u00a0\u00bb header_scroll_down_effect=\u00a0\u00bbslideInDown\u00a0\u00bb title_gradient_on_off=\u00a0\u00bboff\u00a0\u00bb subhead_gradient_on_off=\u00a0\u00bboff\u00a0\u00bb content_gradient_on_off=\u00a0\u00bboff\u00a0\u00bb admin_label=\u00a0\u00bbTitelbild\u00a0\u00bb _builder_version=\u00a0\u00bb4.5.3&Prime; title_font=\u00a0\u00bbMontserrat|700|||||||\u00a0\u00bb title_font_size=\u00a0\u00bb80px\u00a0\u00bb title_letter_spacing=\u00a0\u00bb-1px\u00a0\u00bb title_line_height=\u00a0\u00bb1.2em\u00a0\u00bb content_font=\u00a0\u00bbLato||||\u00a0\u00bb content_font_size=\u00a0\u00bb18px\u00a0\u00bb content_line_height=\u00a0\u00bb1.8em\u00a0\u00bb subhead_font=\u00a0\u00bbMontserrat|600|||||||\u00a0\u00bb subhead_font_size=\u00a0\u00bb20px\u00a0\u00bb subhead_letter_spacing=\u00a0\u00bb5px\u00a0\u00bb background_image=\u00a0\u00bbhttps:\/\/www.alpaviation.ch\/wp-content\/uploads\/Ausbildung-1920.png\u00a0\u00bb custom_button_one=\u00a0\u00bbon\u00a0\u00bb button_one_text_size=\u00a0\u00bb18&Prime; button_one_text_color=\u00a0\u00bb#ffffff\u00a0\u00bb button_one_bg_color=\u00a0\u00bb#b022e8&Prime; button_one_border_color=\u00a0\u00bb#b022e8&Prime; [&hellip;]<\/p>\n","protected":false},"author":1,"featured_media":0,"parent":0,"menu_order":0,"comment_status":"closed","ping_status":"closed","template":"","meta":{"_et_pb_use_builder":"on","_et_pb_old_content":"","_et_gb_content_width":""},"_links":{"self":[{"href":"https:\/\/www.alpaviation.ch\/fr\/wp-json\/wp\/v2\/pages\/125812"}],"collection":[{"href":"https:\/\/www.alpaviation.ch\/fr\/wp-json\/wp\/v2\/pages"}],"about":[{"href":"https:\/\/www.alpaviation.ch\/fr\/wp-json\/wp\/v2\/types\/page"}],"author":[{"embeddable":true,"href":"https:\/\/www.alpaviation.ch\/fr\/wp-json\/wp\/v2\/users\/1"}],"replies":[{"embeddable":true,"href":"https:\/\/www.alpaviation.ch\/fr\/wp-json\/wp\/v2\/comments?post=125812"}],"version-history":[{"count":11,"href":"https:\/\/www.alpaviation.ch\/fr\/wp-json\/wp\/v2\/pages\/125812\/revisions"}],"predecessor-version":[{"id":126210,"href":"https:\/\/www.alpaviation.ch\/fr\/wp-json\/wp\/v2\/pages\/125812\/revisions\/126210"}],"wp:attachment":[{"href":"https:\/\/www.alpaviation.ch\/fr\/wp-json\/wp\/v2\/media?parent=125812"}],"curies":[{"name":"wp","href":"https:\/\/api.w.org\/{rel}","templated":true}]}}